{"id":545,"date":"2018-02-12T14:47:38","date_gmt":"2018-02-12T14:47:38","guid":{"rendered":"http:\/\/mlrcomercial.com.br\/index.php\/e-books\/"},"modified":"2023-07-20T15:59:53","modified_gmt":"2023-07-20T18:59:53","slug":"e-books","status":"publish","type":"page","link":"https:\/\/mlrcomercial.com.br\/index.php\/e-books\/","title":{"rendered":"Servi\u00e7os"},"content":{"rendered":"\t\t<div data-elementor-type=\"wp-post\" data-elementor-id=\"545\" class=\"elementor elementor-545\" data-elementor-settings=\"{&quot;ha_cmc_init_switcher&quot;:&quot;no&quot;}\">\n\t\t\t\t\t\t<section class=\"elementor-section elementor-top-section elementor-element elementor-element-e8e4bc2 elementor-section-full_width elementor-section-height-default elementor-section-height-default elementor-invisible\" data-id=\"e8e4bc2\" data-element_type=\"section\" data-settings=\"{&quot;background_background&quot;:&quot;classic&quot;,&quot;animation&quot;:&quot;fadeInUp&quot;,&quot;_ha_eqh_enable&quot;:false}\">\n\t\t\t\t\t\t<div class=\"elementor-container elementor-column-gap-default\">\n\t\t\t\t\t<div class=\"elementor-column elementor-col-100 elementor-top-column elementor-element elementor-element-f13d203\" data-id=\"f13d203\" data-element_type=\"column\" data-settings=\"{&quot;background_background&quot;:&quot;classic&quot;}\">\n\t\t\t<div class=\"elementor-widget-wrap elementor-element-populated\">\n\t\t\t\t\t\t<div class=\"elementor-element elementor-element-271e6ee3 elementor-widget elementor-widget-heading\" data-id=\"271e6ee3\" data-element_type=\"widget\" data-widget_type=\"heading.default\">\n\t\t\t\t<div class=\"elementor-widget-container\">\n\t\t\t\t\t<h2 class=\"elementor-heading-title elementor-size-default\">Nossos Servi\u00e7os<\/h2>\t\t\t\t<\/div>\n\t\t\t\t<\/div>\n\t\t\t\t\t<\/div>\n\t\t<\/div>\n\t\t\t\t\t<\/div>\n\t\t<\/section>\n\t\t\t\t<section class=\"elementor-section elementor-top-section elementor-element elementor-element-67ab34d elementor-section-boxed elementor-section-height-default elementor-section-height-default\" data-id=\"67ab34d\" data-element_type=\"section\" data-settings=\"{&quot;_ha_eqh_enable&quot;:false}\">\n\t\t\t\t\t\t<div class=\"elementor-container elementor-column-gap-default\">\n\t\t\t\t\t<div class=\"elementor-column elementor-col-100 elementor-top-column elementor-element elementor-element-8565799\" data-id=\"8565799\" data-element_type=\"column\">\n\t\t\t<div class=\"elementor-widget-wrap elementor-element-populated\">\n\t\t\t\t\t\t<div class=\"elementor-element elementor-element-05c0ab6 elementor-widget__width-initial elementor-widget elementor-widget-text-editor\" data-id=\"05c0ab6\" data-element_type=\"widget\" data-widget_type=\"text-editor.default\">\n\t\t\t\t<div class=\"elementor-widget-container\">\n\t\t\t\t\t\t\t\t\t<p><b>DIAGN\u00d3STICO EMPRESARIAL<\/b><br>Uma das principais fun\u00e7\u00f5es da Consultoria \u00e9 realizar o chamado diagn\u00f3stico<br>empresarial. Em primeiro lugar, o assessor faz uma an\u00e1lise da empresa para<br>entender seus pontos fortes e fraquezas, combinando com vis\u00e3o do ambiente<br>externo, ou seja, o entendimento do cliente, do mercado e da concorr\u00eancia.<br>Depois que o ambiente da empresa \u00e9 avaliado, MLR estabelecer\u00e1 um cronograma<br>de trabalho. A condu\u00e7\u00e3o dos trabalhos por meio do monitoramento de cada<br>processo \u00e9 fundamental para o sucesso. Os problemas s\u00e3o identificados e o plano<br>de a\u00e7\u00e3o \u00e9 determinado por um consultor,<br>com know-how s\u00f3lido e objetivo de implantar as melhores pr\u00e1ticas do mercado.<br>_________________<br><b>EMPRESAS ASSESSORADAS PELA MLR COMERCIAL<br>TERCEIRO SETOR:<\/b><br>ONG \u2013 Central de Oportunidades:<br>Empresa com parcerias na Prefeitura do Rio, Funda\u00e7\u00e3o Banco do Brasil, Governo<br>Federal, Governo do Estado do Rio de Janeiro, Previd\u00eancia Social, Funda\u00e7\u00e3o<br>Roberto Marinho, Funda\u00e7\u00e3o Camargo Correia, Unicef, Uni\u00e3o Europeia, Sesi e Sanai<br>entre outras.<br>A MLR far\u00e1 a Rela\u00e7\u00e3o Institucional para a participa\u00e7\u00e3o da ONG, no Chamamento<br>P\u00fablico n 03\/2022, Celebra\u00e7\u00e3o de Parceria com Organiza\u00e7\u00e3o da Sociedade Civil,<br>visando a implementa\u00e7\u00e3o e a Gest\u00e3o do Servi\u00e7o de Atendimento Reabilita\u00e7\u00e3o<br>Especial de Maric\u00e1 \u2013 SAREM, no \u00e2mbito do Munic\u00edpio de Maric\u00e1.<br>_________________<br><b>ENGENHARIA E CONSTRU\u00c7\u00c3O:<\/b><br>Empresas participantes do Cons\u00f3rcio:<br>Dynatest Engenharia, QC Engenharia e MLR Comercial.<br>A MLR fez a capta\u00e7\u00e3o parceiros e criou o Cons\u00f3rcio Pr\u00f3 Maric\u00e1, para participar do<br>Certame da CODEMAR, N\u00ba 05\/2022, Contrata\u00e7\u00e3o de empresa especializada em<br>engenharia para realiza\u00e7\u00e3o de supervis\u00e3o, gerenciamento, fiscaliza\u00e7\u00e3o t\u00e9cnica e<br>controle tecnol\u00f3gico das obras que ser\u00e3o desenvolvidas no munic\u00edpio de Maric\u00e1\/RJ,<br>no \u00e2mbito da CODEMAR.<br>O Cons\u00f3cio foi habilitado e o processo est\u00e1 na fase de an\u00e1lise da proposta t\u00e9cnica,<br>dia 24\/01, \u00e9 o dia marcado para abertura dos envelopes de proposta financeira e<br>habilita\u00e7\u00e3o jur\u00eddica.<br>_________________<br><b>TERCERIZA\u00c7\u00c3O DE M\u00c3O DE OBRA<\/b><br>A MLR Comercial, assessorou a participa\u00e7\u00e3o da empresa BLU ALIMENTOS E<br>SERVI\u00c7OS LTDA., no Preg\u00e3o Presencial n\u00ba 21\/2022, da Prefeitura de Municipal<br>de Maric\u00e1 a empresa estava habilitada, mas tendo em vista que n\u00e3o foi poss\u00edvel<br>participar na etapa de lances, em virtude a inabilita\u00e7\u00e3o documental das primeiras<br>colocadas a Pregoeira decidiu fracassar o preg\u00e3o. A data para nova licita\u00e7\u00e3o ainda<br>n\u00e3o foi marcada.<br>________________<br><b>SEGURAN\u00c7A PATRIMONIAL<\/b><br>A MLR Comercial trouxe para participar do preg\u00e3o presencial realizado no dia 16\/01,<br>a empresa Hawk Seguran\u00e7a e Vigil\u00e2ncia LTDA., que ap\u00f3s a etapa de lance foi a<br>\u00fanica empresa habilitada financeiramente. Quinta-feira, 19\/01, a empresa est\u00e1<br>convocada para abertura do envelope de habilita\u00e7\u00e3o jur\u00eddica e atestados de<br>capacita\u00e7\u00e3o t\u00e9cnica para homologa\u00e7\u00e3o. Vale ressaltar que a Hawk concorreu com<br>Gold, empresa de vigil\u00e2ncia \u00e9 dona do contrato atualmente e era tida como favorita.<br>SA\u00daDE<br>Atualmente, a MLR est\u00e1 trabalhando com o objetivo de habilitar a O. S. Instituto de<br>Medicina e Projeto para participar da licita\u00e7\u00e3o no \u00e2mbito da Funda\u00e7\u00e3o Estatal de<br>Sa\u00fade de Maric\u00e1 \u2013 FEMAR.<\/p>\t\t\t\t\t\t\t\t<\/div>\n\t\t\t\t<\/div>\n\t\t\t\t\t<\/div>\n\t\t<\/div>\n\t\t\t\t\t<\/div>\n\t\t<\/section>\n\t\t\t\t<\/div>\n\t\t","protected":false},"excerpt":{"rendered":"<p>Nossos Servi\u00e7os DIAGN\u00d3STICO EMPRESARIALUma das principais fun\u00e7\u00f5es da Consultoria \u00e9 realizar o chamado diagn\u00f3sticoempresarial. Em primeiro lugar, o assessor faz uma an\u00e1lise da empresa paraentender seus pontos fortes e fraquezas, combinando com vis\u00e3o do ambienteexterno, ou seja, o entendimento do cliente, do mercado e da concorr\u00eancia.Depois que o ambiente da empresa \u00e9 avaliado, MLR estabelecer\u00e1 [&hellip;]<\/p>\n","protected":false},"author":1,"featured_media":0,"parent":0,"menu_order":0,"comment_status":"closed","ping_status":"closed","template":"","meta":{"site-sidebar-layout":"no-sidebar","site-content-layout":"page-builder","ast-site-content-layout":"default","site-content-style":"default","site-sidebar-style":"default","ast-global-header-display":"","ast-banner-title-visibility":"","ast-main-header-display":"","ast-hfb-above-header-display":"","ast-hfb-below-header-display":"","ast-hfb-mobile-header-display":"","site-post-title":"disabled","ast-breadcrumbs-content":"","ast-featured-img":"disabled","footer-sml-layout":"","theme-transparent-header-meta":"","adv-header-id-meta":"","stick-header-meta":"","header-above-stick-meta":"","header-main-stick-meta":"","header-below-stick-meta":"","astra-migrate-meta-layouts":"default","ast-page-background-enabled":"default","ast-page-background-meta":{"desktop":{"background-color":"","background-image":"","background-repeat":"repeat","background-position":"center center","background-size":"auto","background-attachment":"scroll","background-type":"","background-media":"","overlay-type":"","overlay-color":"","overlay-opacity":"","overlay-gradient":""},"tablet":{"background-color":"","background-image":"","background-repeat":"repeat","background-position":"center center","background-size":"auto","background-attachment":"scroll","background-type":"","background-media":"","overlay-type":"","overlay-color":"","overlay-opacity":"","overlay-gradient":""},"mobile":{"background-color":"","background-image":"","background-repeat":"repeat","background-position":"center center","background-size":"auto","background-attachment":"scroll","background-type":"","background-media":"","overlay-type":"","overlay-color":"","overlay-opacity":"","overlay-gradient":""}},"ast-content-background-meta":{"desktop":{"background-color":"var(--ast-global-color-5)","background-image":"","background-repeat":"repeat","background-position":"center center","background-size":"auto","background-attachment":"scroll","background-type":"","background-media":"","overlay-type":"","overlay-color":"","overlay-opacity":"","overlay-gradient":""},"tablet":{"background-color":"var(--ast-global-color-5)","background-image":"","background-repeat":"repeat","background-position":"center center","background-size":"auto","background-attachment":"scroll","background-type":"","background-media":"","overlay-type":"","overlay-color":"","overlay-opacity":"","overlay-gradient":""},"mobile":{"background-color":"var(--ast-global-color-5)","background-image":"","background-repeat":"repeat","background-position":"center center","background-size":"auto","background-attachment":"scroll","background-type":"","background-media":"","overlay-type":"","overlay-color":"","overlay-opacity":"","overlay-gradient":""}},"_joinchat":[],"footnotes":""},"class_list":["post-545","page","type-page","status-publish","hentry"],"_links":{"self":[{"href":"https:\/\/mlrcomercial.com.br\/index.php\/wp-json\/wp\/v2\/pages\/545","targetHints":{"allow":["GET"]}}],"collection":[{"href":"https:\/\/mlrcomercial.com.br\/index.php\/wp-json\/wp\/v2\/pages"}],"about":[{"href":"https:\/\/mlrcomercial.com.br\/index.php\/wp-json\/wp\/v2\/types\/page"}],"author":[{"embeddable":true,"href":"https:\/\/mlrcomercial.com.br\/index.php\/wp-json\/wp\/v2\/users\/1"}],"replies":[{"embeddable":true,"href":"https:\/\/mlrcomercial.com.br\/index.php\/wp-json\/wp\/v2\/comments?post=545"}],"version-history":[{"count":20,"href":"https:\/\/mlrcomercial.com.br\/index.php\/wp-json\/wp\/v2\/pages\/545\/revisions"}],"predecessor-version":[{"id":845,"href":"https:\/\/mlrcomercial.com.br\/index.php\/wp-json\/wp\/v2\/pages\/545\/revisions\/845"}],"wp:attachment":[{"href":"https:\/\/mlrcomercial.com.br\/index.php\/wp-json\/wp\/v2\/media?parent=545"}],"curies":[{"name":"wp","href":"https:\/\/api.w.org\/{rel}","templated":true}]}}